{"id":574,"date":"2020-07-20T09:35:16","date_gmt":"2020-07-20T07:35:16","guid":{"rendered":"https:\/\/advor.es\/particulars\/"},"modified":"2020-12-03T15:00:14","modified_gmt":"2020-12-03T13:00:14","slug":"abogados","status":"publish","type":"page","link":"https:\/\/advor.es\/es\/abogados\/","title":{"rendered":"Abogados"},"content":{"rendered":"<div id=\"cs-content\" class=\"cs-content\"><\/div>\n","protected":false},"excerpt":{"rendered":"<p>Abogados En Advor.es abogados de confianza te ofrecemos un equipo de personas especializadas en diferentes \u00e1reas legales para poder darte el mejor asesoramiento jur\u00eddico. Descubre todo lo que ponemos a tu alcance.Derecho de FamiliaAlquileresReclamaciones de ConsumoContractaci\u00f3n CivilDerecho de SucesionesAccidentes de Tr\u00e1ficoDerecho del trabajo y de la Seguridad SocialOtras materias de Derecho CivilReclamaci\u00f3n ante la Administraci\u00f3nOtras actuaciones de derecho penalMatrimonios, parejas &#8230; <\/p>\n<div><a href=\"https:\/\/advor.es\/es\/abogados\/\" class=\"more-link\">Read More<\/a><\/div>\n","protected":false},"author":1,"featured_media":0,"parent":0,"menu_order":0,"comment_status":"closed","ping_status":"closed","template":"template-blank-4.php","meta":{"_acf_changed":false,"footnotes":""},"class_list":["post-574","page","type-page","status-publish","hentry","no-post-thumbnail"],"acf":[],"_links":{"self":[{"href":"https:\/\/advor.es\/es\/wp-json\/wp\/v2\/pages\/574","targetHints":{"allow":["GET"]}}],"collection":[{"href":"https:\/\/advor.es\/es\/wp-json\/wp\/v2\/pages"}],"about":[{"href":"https:\/\/advor.es\/es\/wp-json\/wp\/v2\/types\/page"}],"author":[{"embeddable":true,"href":"https:\/\/advor.es\/es\/wp-json\/wp\/v2\/users\/1"}],"replies":[{"embeddable":true,"href":"https:\/\/advor.es\/es\/wp-json\/wp\/v2\/comments?post=574"}],"version-history":[{"count":9,"href":"https:\/\/advor.es\/es\/wp-json\/wp\/v2\/pages\/574\/revisions"}],"predecessor-version":[{"id":878,"href":"https:\/\/advor.es\/es\/wp-json\/wp\/v2\/pages\/574\/revisions\/878"}],"wp:attachment":[{"href":"https:\/\/advor.es\/es\/wp-json\/wp\/v2\/media?parent=574"}],"curies":[{"name":"wp","href":"https:\/\/api.w.org\/{rel}","templated":true}]}}