{"id":570,"date":"2020-07-21T18:07:10","date_gmt":"2020-07-21T16:07:10","guid":{"rendered":"https:\/\/advor.es\/autonoms-i-pimes\/"},"modified":"2020-12-03T15:00:02","modified_gmt":"2020-12-03T13:00:02","slug":"gestoria","status":"publish","type":"page","link":"https:\/\/advor.es\/es\/gestoria\/","title":{"rendered":"Gestor\u00eda"},"content":{"rendered":"<div id=\"cs-content\" class=\"cs-content\"><\/div>\n","protected":false},"excerpt":{"rendered":"<p>Gestor\u00eda A parte de gestionar en su adecuada dimensi\u00f3n todos los servicios que ofrecemos para PARTICULARES, ofrecemos para su empresa o negocio servicios concretos para agilizar y gestionar con mayor facilidad su d\u00eda a d\u00eda.Assessor\u00eda LaboralReclamaci\u00f3n de impagadosRedacci\u00f3n de contratos mercantilesConstituci\u00f3n de sociedadesAsesor\u00eda FiscalAsesoria Laboral Ofrecemos la posibilidad de externalizar para su empresa todas las funciones que corresponden al departamento &#8230; <\/p>\n<div><a href=\"https:\/\/advor.es\/es\/gestoria\/\" class=\"more-link\">Read More<\/a><\/div>\n","protected":false},"author":1,"featured_media":0,"parent":0,"menu_order":0,"comment_status":"closed","ping_status":"closed","template":"template-blank-4.php","meta":{"_acf_changed":false,"footnotes":""},"class_list":["post-570","page","type-page","status-publish","hentry","no-post-thumbnail"],"acf":[],"_links":{"self":[{"href":"https:\/\/advor.es\/es\/wp-json\/wp\/v2\/pages\/570","targetHints":{"allow":["GET"]}}],"collection":[{"href":"https:\/\/advor.es\/es\/wp-json\/wp\/v2\/pages"}],"about":[{"href":"https:\/\/advor.es\/es\/wp-json\/wp\/v2\/types\/page"}],"author":[{"embeddable":true,"href":"https:\/\/advor.es\/es\/wp-json\/wp\/v2\/users\/1"}],"replies":[{"embeddable":true,"href":"https:\/\/advor.es\/es\/wp-json\/wp\/v2\/comments?post=570"}],"version-history":[{"count":13,"href":"https:\/\/advor.es\/es\/wp-json\/wp\/v2\/pages\/570\/revisions"}],"predecessor-version":[{"id":877,"href":"https:\/\/advor.es\/es\/wp-json\/wp\/v2\/pages\/570\/revisions\/877"}],"wp:attachment":[{"href":"https:\/\/advor.es\/es\/wp-json\/wp\/v2\/media?parent=570"}],"curies":[{"name":"wp","href":"https:\/\/api.w.org\/{rel}","templated":true}]}}