{"id":187,"date":"2020-04-14T15:33:43","date_gmt":"2020-04-14T13:33:43","guid":{"rendered":"https:\/\/advor.es\/politica-de-cookies\/"},"modified":"2020-04-15T11:41:55","modified_gmt":"2020-04-15T09:41:55","slug":"politica-de-cookies","status":"publish","type":"page","link":"https:\/\/advor.es\/es\/politica-de-cookies\/","title":{"rendered":"Pol\u00edtica de Cookies"},"content":{"rendered":"<div id=\"cs-content\" class=\"cs-content\"><\/div>\n","protected":false},"excerpt":{"rendered":"<p>Aviso LegalPol\u00edtica de PrivacidadPol\u00edtica de CookiesPol\u00edtica de Cookies MARC CONGOST MARTOS le informa acerca del uso de cookies en su sitio web advor.es: \u00bfQu\u00e9 son las cookies? Una Cookie es un fichero que se descarga en su ordenador al acceder a determinadas p\u00e1ginas web. Las cookies permiten a una p\u00e1gina web, entre otras cosas, almacenar y recuperar informaci\u00f3n sobre los &#8230; <\/p>\n<div><a href=\"https:\/\/advor.es\/es\/politica-de-cookies\/\" class=\"more-link\">Read More<\/a><\/div>\n","protected":false},"author":1,"featured_media":0,"parent":0,"menu_order":0,"comment_status":"closed","ping_status":"closed","template":"template-blank-4.php","meta":{"_acf_changed":false,"footnotes":""},"class_list":["post-187","page","type-page","status-publish","hentry","no-post-thumbnail"],"acf":[],"_links":{"self":[{"href":"https:\/\/advor.es\/es\/wp-json\/wp\/v2\/pages\/187","targetHints":{"allow":["GET"]}}],"collection":[{"href":"https:\/\/advor.es\/es\/wp-json\/wp\/v2\/pages"}],"about":[{"href":"https:\/\/advor.es\/es\/wp-json\/wp\/v2\/types\/page"}],"author":[{"embeddable":true,"href":"https:\/\/advor.es\/es\/wp-json\/wp\/v2\/users\/1"}],"replies":[{"embeddable":true,"href":"https:\/\/advor.es\/es\/wp-json\/wp\/v2\/comments?post=187"}],"version-history":[{"count":12,"href":"https:\/\/advor.es\/es\/wp-json\/wp\/v2\/pages\/187\/revisions"}],"predecessor-version":[{"id":236,"href":"https:\/\/advor.es\/es\/wp-json\/wp\/v2\/pages\/187\/revisions\/236"}],"wp:attachment":[{"href":"https:\/\/advor.es\/es\/wp-json\/wp\/v2\/media?parent=187"}],"curies":[{"name":"wp","href":"https:\/\/api.w.org\/{rel}","templated":true}]}}